{"id":5218,"date":"2024-05-07T19:32:03","date_gmt":"2024-05-07T19:32:03","guid":{"rendered":"https:\/\/jeans.com.py\/tienda\/?post_type=product&#038;p=5218"},"modified":"2025-07-10T19:10:37","modified_gmt":"2025-07-10T19:10:37","slug":"chalecos-para-hombres-gs-149-000","status":"publish","type":"product","link":"https:\/\/jeans.com.py\/tienda\/producto\/chalecos-para-hombres-gs-149-000\/","title":{"rendered":"Chalecos para damas y caballeros Gs.189.000. \u00a1Env\u00edo gratis para Asunci\u00f3n!"},"content":{"rendered":"<p>En el mundo de la moda masculina y femenina, los chalecos para hombres y mujeres se destacan como prendas vers\u00e1tiles que a\u00f1aden un toque de elegancia tanto a atuendos formales como informales. En nuestra colecci\u00f3n, ofrecemos una amplia variedad de chalecos dise\u00f1ados para adaptarse a diferentes estilos y ocasiones.<\/p>\n<p>Desde los cl\u00e1sicos chalecos de vestir hasta los deportivos, nuestra selecci\u00f3n garantiza opciones para cada gusto y necesidad. Entre nuestros destacados se encuentran:<\/p>\n<ul>\n<li><strong>Chaleco con capucha para\u00a0damas y caballeros:<\/strong> Ideal para quienes buscan un estilo m\u00e1s casual pero refinado, este chaleco ofrece un ajuste c\u00f3modo y moderno que complementa cualquier conjunto.<\/li>\n<li><strong>Chaleco T\u00e9cnico Acolchado:<\/strong> Perfecto para actividades al aire libre o d\u00edas frescos, este chaleco combina funcionalidad y estilo. Su dise\u00f1o acolchado proporciona calor y protecci\u00f3n sin sacrificar la movilidad.<\/li>\n<li><strong>Chaleco Acolchado para hombres:<\/strong> Cl\u00e1sico y atemporal, este chaleco es una pieza esencial en el guardarropa de cualquier hombre. Su dise\u00f1o simple y elegante lo convierte en una opci\u00f3n vers\u00e1til que se adapta a diversas ocasiones.<\/li>\n<li><strong>Chaleco Acolchado:<\/strong> Confeccionado con materiales de alta calidad, este chaleco ofrece un equilibrio perfecto entre estilo y comodidad. Su dise\u00f1o moderno y acabado impecable lo convierten en una elecci\u00f3n sofisticada para cualquier ocasi\u00f3n.<\/li>\n<\/ul>\n<p>\u00a1Aprovecha nuestras incre\u00edbles ofertas y promociones en chalecos para hombres! Con env\u00edos gratis en el d\u00eda para Asunci\u00f3n y la opci\u00f3n de comprar en efectivo o transferencia bancaria, vestir con estilo nunca fue tan accesible. Descubr\u00ed nuestra colecci\u00f3n y a\u00f1ad\u00ed un toque de elegancia a tu guardarropa con nuestros chalecos para hombres. Explor\u00e1 ahora mismo nuestra selecci\u00f3n y consegu\u00ed el chaleco perfecto que se adapte a tu estilo y necesidades.<\/p>\n<p>Consultas al <a href=\"https:\/\/api.whatsapp.com\/send\/?phone=595961238487&amp;text=Hola%2C+quiero+hacer+el+siguiente+pedido\">WhastApp<\/a><\/p>\n<p><a href=\"https:\/\/jeans.com.py\/tienda\/producto\/jeans-para-damas-tiro-alto\/\">Ver m\u00e1s<\/a> prendas<\/p>\n<p>OBS: \u00a1Env\u00edo gratis para Asunci\u00f3n, zona centro! <a href=\"https:\/\/jeans.com.py\/tienda\/politica-devoluciones\/\">Consultar bases y condiciones<\/a><\/p>\n","protected":false},"excerpt":{"rendered":"<p>En el mundo de la moda masculina y femenina, los chalecos para hombres y mujeres se destacan como prendas vers\u00e1tiles que a\u00f1aden un toque de elegancia tanto a atuendos formales como informales. En nuestra colecci\u00f3n, ofrecemos una amplia variedad de chalecos dise\u00f1ados para adaptarse a diferentes estilos y ocasiones. Desde los cl\u00e1sicos chalecos de vestir [&hellip;]<\/p>\n","protected":false},"featured_media":5716,"comment_status":"open","ping_status":"closed","template":"","meta":{"site-sidebar-layout":"default","site-content-layout":"","ast-site-content-layout":"default","site-content-style":"default","site-sidebar-style":"default","ast-global-header-display":"","ast-banner-title-visibility":"","ast-main-header-display":"","ast-hfb-above-header-display":"","ast-hfb-below-header-display":"","ast-hfb-mobile-header-display":"","site-post-title":"","ast-breadcrumbs-content":"","ast-featured-img":"","footer-sml-layout":"","theme-transparent-header-meta":"default","adv-header-id-meta":"","stick-header-meta":"","header-above-stick-meta":"","header-main-stick-meta":"","header-below-stick-meta":"","astra-migrate-meta-layouts":"set","ast-page-background-enabled":"default","ast-page-background-meta":{"desktop":{"background-color":"","background-image":"","background-repeat":"repeat","background-position":"center center","background-size":"auto","background-attachment":"scroll","background-type":"","background-media":"","overlay-type":"","overlay-color":"","overlay-opacity":"","overlay-gradient":""},"tablet":{"background-color":"","background-image":"","background-repeat":"repeat","background-position":"center center","background-size":"auto","background-attachment":"scroll","background-type":"","background-media":"","overlay-type":"","overlay-color":"","overlay-opacity":"","overlay-gradient":""},"mobile":{"background-color":"","background-image":"","background-repeat":"repeat","background-position":"center center","background-size":"auto","background-attachment":"scroll","background-type":"","background-media":"","overlay-type":"","overlay-color":"","overlay-opacity":"","overlay-gradient":""}},"ast-content-background-meta":{"desktop":{"background-color":"var(--ast-global-color-5)","background-image":"","background-repeat":"repeat","background-position":"center center","background-size":"auto","background-attachment":"scroll","background-type":"","background-media":"","overlay-type":"","overlay-color":"","overlay-opacity":"","overlay-gradient":""},"tablet":{"background-color":"var(--ast-global-color-5)","background-image":"","background-repeat":"repeat","background-position":"center center","background-size":"auto","background-attachment":"scroll","background-type":"","background-media":"","overlay-type":"","overlay-color":"","overlay-opacity":"","overlay-gradient":""},"mobile":{"background-color":"var(--ast-global-color-5)","background-image":"","background-repeat":"repeat","background-position":"center center","background-size":"auto","background-attachment":"scroll","background-type":"","background-media":"","overlay-type":"","overlay-color":"","overlay-opacity":"","overlay-gradient":""}}},"product_brand":[],"product_cat":[46],"product_tag":[],"class_list":{"0":"post-5218","1":"product","2":"type-product","3":"status-publish","4":"has-post-thumbnail","6":"product_cat-caballeros","7":"product_shipping_class-delivery","8":"desktop-align-left","9":"tablet-align-left","10":"mobile-align-left","12":"first","13":"instock","14":"sale","15":"featured","16":"shipping-taxable","17":"purchasable","18":"product-type-simple"},"yoast_head":"<!-- This site is optimized with the Yoast SEO plugin v27.0 - https:\/\/yoast.com\/product\/yoast-seo-wordpress\/ -->\n<title>Chalecos para damas y caballeros Gs.189.000. \u00a1Env\u00edo gratis para Asunci\u00f3n! - Jeans.com.py<\/title>\n<meta name=\"description\" content=\"Chalecos para damas y caballeros: estilos cl\u00e1sicos y deportivos. Env\u00edos gratis en Asunci\u00f3n. Encontr\u00e9 tu estilo perfecto por tan solo Gs.189.000\" \/>\n<meta name=\"robots\" content=\"index, follow, max-snippet:-1, max-image-preview:large, max-video-preview:-1\" \/>\n<link rel=\"canonical\" href=\"https:\/\/jeans.com.py\/tienda\/producto\/chalecos-para-hombres-gs-149-000\/\" \/>\n<meta property=\"og:locale\" content=\"es_ES\" \/>\n<meta property=\"og:type\" content=\"article\" \/>\n<meta property=\"og:title\" content=\"Chalecos para damas y caballeros Gs.189.000. \u00a1Env\u00edo gratis para Asunci\u00f3n! - Jeans.com.py\" \/>\n<meta property=\"og:description\" content=\"Chalecos para damas y caballeros: estilos cl\u00e1sicos y deportivos. Env\u00edos gratis en Asunci\u00f3n. Encontr\u00e9 tu estilo perfecto por tan solo Gs.189.000\" \/>\n<meta property=\"og:url\" content=\"https:\/\/jeans.com.py\/tienda\/producto\/chalecos-para-hombres-gs-149-000\/\" \/>\n<meta property=\"og:site_name\" content=\"Jeans.com.py\" \/>\n<meta property=\"article:publisher\" content=\"https:\/\/www.facebook.com\/jeans.com.py\" \/>\n<meta property=\"article:modified_time\" content=\"2025-07-10T19:10:37+00:00\" \/>\n<meta property=\"og:image\" content=\"https:\/\/jeans.com.py\/tienda\/wp-content\/uploads\/2024\/05\/ChatGPT-Image-10-jul-2025-15_52_07-e1752174550313.png\" \/>\n\t<meta property=\"og:image:width\" content=\"1024\" \/>\n\t<meta property=\"og:image:height\" content=\"1334\" \/>\n\t<meta property=\"og:image:type\" content=\"image\/png\" \/>\n<meta name=\"twitter:card\" content=\"summary_large_image\" \/>\n<meta name=\"twitter:label1\" content=\"Tiempo de lectura\" \/>\n\t<meta name=\"twitter:data1\" content=\"2 minutos\" \/>\n<script type=\"application\/ld+json\" class=\"yoast-schema-graph\">{\"@context\":\"https:\/\/schema.org\",\"@graph\":[{\"@type\":\"WebPage\",\"@id\":\"https:\/\/jeans.com.py\/tienda\/producto\/chalecos-para-hombres-gs-149-000\/\",\"url\":\"https:\/\/jeans.com.py\/tienda\/producto\/chalecos-para-hombres-gs-149-000\/\",\"name\":\"Chalecos para damas y caballeros Gs.189.000. \u00a1Env\u00edo gratis para Asunci\u00f3n! - Jeans.com.py\",\"isPartOf\":{\"@id\":\"https:\/\/jeans.com.py\/tienda\/#website\"},\"primaryImageOfPage\":{\"@id\":\"https:\/\/jeans.com.py\/tienda\/producto\/chalecos-para-hombres-gs-149-000\/#primaryimage\"},\"image\":{\"@id\":\"https:\/\/jeans.com.py\/tienda\/producto\/chalecos-para-hombres-gs-149-000\/#primaryimage\"},\"thumbnailUrl\":\"https:\/\/jeans.com.py\/tienda\/wp-content\/uploads\/2024\/05\/ChatGPT-Image-10-jul-2025-15_52_07-e1752174550313.png\",\"datePublished\":\"2024-05-07T19:32:03+00:00\",\"dateModified\":\"2025-07-10T19:10:37+00:00\",\"description\":\"Chalecos para damas y caballeros: estilos cl\u00e1sicos y deportivos. Env\u00edos gratis en Asunci\u00f3n. Encontr\u00e9 tu estilo perfecto por tan solo Gs.189.000\",\"breadcrumb\":{\"@id\":\"https:\/\/jeans.com.py\/tienda\/producto\/chalecos-para-hombres-gs-149-000\/#breadcrumb\"},\"inLanguage\":\"es-AR\",\"potentialAction\":[{\"@type\":\"ReadAction\",\"target\":[\"https:\/\/jeans.com.py\/tienda\/producto\/chalecos-para-hombres-gs-149-000\/\"]}]},{\"@type\":\"ImageObject\",\"inLanguage\":\"es-AR\",\"@id\":\"https:\/\/jeans.com.py\/tienda\/producto\/chalecos-para-hombres-gs-149-000\/#primaryimage\",\"url\":\"https:\/\/jeans.com.py\/tienda\/wp-content\/uploads\/2024\/05\/ChatGPT-Image-10-jul-2025-15_52_07-e1752174550313.png\",\"contentUrl\":\"https:\/\/jeans.com.py\/tienda\/wp-content\/uploads\/2024\/05\/ChatGPT-Image-10-jul-2025-15_52_07-e1752174550313.png\",\"width\":1024,\"height\":1334,\"caption\":\"chaleco para invierno, para caballeros\"},{\"@type\":\"BreadcrumbList\",\"@id\":\"https:\/\/jeans.com.py\/tienda\/producto\/chalecos-para-hombres-gs-149-000\/#breadcrumb\",\"itemListElement\":[{\"@type\":\"ListItem\",\"position\":1,\"name\":\"Inicio\",\"item\":\"https:\/\/jeans.com.py\/tienda\/\"},{\"@type\":\"ListItem\",\"position\":2,\"name\":\"Tienda\",\"item\":\"https:\/\/jeans.com.py\/tienda\/tienda\/\"},{\"@type\":\"ListItem\",\"position\":3,\"name\":\"Chalecos para damas y caballeros Gs.189.000. \u00a1Env\u00edo gratis para Asunci\u00f3n!\"}]},{\"@type\":\"WebSite\",\"@id\":\"https:\/\/jeans.com.py\/tienda\/#website\",\"url\":\"https:\/\/jeans.com.py\/tienda\/\",\"name\":\"Jeans.com.py Outlet online en Paraguay\",\"description\":\"Outlet de jeans online en Paraguay\",\"publisher\":{\"@id\":\"https:\/\/jeans.com.py\/tienda\/#organization\"},\"potentialAction\":[{\"@type\":\"SearchAction\",\"target\":{\"@type\":\"EntryPoint\",\"urlTemplate\":\"https:\/\/jeans.com.py\/tienda\/?s={search_term_string}\"},\"query-input\":{\"@type\":\"PropertyValueSpecification\",\"valueRequired\":true,\"valueName\":\"search_term_string\"}}],\"inLanguage\":\"es-AR\"},{\"@type\":\"Organization\",\"@id\":\"https:\/\/jeans.com.py\/tienda\/#organization\",\"name\":\"Jeans.com.py Outlet online en Paraguay\",\"url\":\"https:\/\/jeans.com.py\/tienda\/\",\"logo\":{\"@type\":\"ImageObject\",\"inLanguage\":\"es-AR\",\"@id\":\"https:\/\/jeans.com.py\/tienda\/#\/schema\/logo\/image\/\",\"url\":\"https:\/\/jeans.com.py\/tienda\/wp-content\/uploads\/2022\/10\/jeans-e1667927625870.png\",\"contentUrl\":\"https:\/\/jeans.com.py\/tienda\/wp-content\/uploads\/2022\/10\/jeans-e1667927625870.png\",\"width\":680,\"height\":246,\"caption\":\"Jeans.com.py Outlet online en Paraguay\"},\"image\":{\"@id\":\"https:\/\/jeans.com.py\/tienda\/#\/schema\/logo\/image\/\"},\"sameAs\":[\"https:\/\/www.facebook.com\/jeans.com.py\",\"https:\/\/www.instagram.com\/jeans.com.py\/\"]}]}<\/script>\n<!-- \/ Yoast SEO plugin. -->","yoast_head_json":{"title":"Chalecos para damas y caballeros Gs.189.000. \u00a1Env\u00edo gratis para Asunci\u00f3n! - Jeans.com.py","description":"Chalecos para damas y caballeros: estilos cl\u00e1sicos y deportivos. Env\u00edos gratis en Asunci\u00f3n. Encontr\u00e9 tu estilo perfecto por tan solo Gs.189.000","robots":{"index":"index","follow":"follow","max-snippet":"max-snippet:-1","max-image-preview":"max-image-preview:large","max-video-preview":"max-video-preview:-1"},"canonical":"https:\/\/jeans.com.py\/tienda\/producto\/chalecos-para-hombres-gs-149-000\/","og_locale":"es_ES","og_type":"article","og_title":"Chalecos para damas y caballeros Gs.189.000. \u00a1Env\u00edo gratis para Asunci\u00f3n! - Jeans.com.py","og_description":"Chalecos para damas y caballeros: estilos cl\u00e1sicos y deportivos. Env\u00edos gratis en Asunci\u00f3n. Encontr\u00e9 tu estilo perfecto por tan solo Gs.189.000","og_url":"https:\/\/jeans.com.py\/tienda\/producto\/chalecos-para-hombres-gs-149-000\/","og_site_name":"Jeans.com.py","article_publisher":"https:\/\/www.facebook.com\/jeans.com.py","article_modified_time":"2025-07-10T19:10:37+00:00","og_image":[{"width":1024,"height":1334,"url":"https:\/\/jeans.com.py\/tienda\/wp-content\/uploads\/2024\/05\/ChatGPT-Image-10-jul-2025-15_52_07-e1752174550313.png","type":"image\/png"}],"twitter_card":"summary_large_image","twitter_misc":{"Tiempo de lectura":"2 minutos"},"schema":{"@context":"https:\/\/schema.org","@graph":[{"@type":"WebPage","@id":"https:\/\/jeans.com.py\/tienda\/producto\/chalecos-para-hombres-gs-149-000\/","url":"https:\/\/jeans.com.py\/tienda\/producto\/chalecos-para-hombres-gs-149-000\/","name":"Chalecos para damas y caballeros Gs.189.000. \u00a1Env\u00edo gratis para Asunci\u00f3n! - Jeans.com.py","isPartOf":{"@id":"https:\/\/jeans.com.py\/tienda\/#website"},"primaryImageOfPage":{"@id":"https:\/\/jeans.com.py\/tienda\/producto\/chalecos-para-hombres-gs-149-000\/#primaryimage"},"image":{"@id":"https:\/\/jeans.com.py\/tienda\/producto\/chalecos-para-hombres-gs-149-000\/#primaryimage"},"thumbnailUrl":"https:\/\/jeans.com.py\/tienda\/wp-content\/uploads\/2024\/05\/ChatGPT-Image-10-jul-2025-15_52_07-e1752174550313.png","datePublished":"2024-05-07T19:32:03+00:00","dateModified":"2025-07-10T19:10:37+00:00","description":"Chalecos para damas y caballeros: estilos cl\u00e1sicos y deportivos. Env\u00edos gratis en Asunci\u00f3n. Encontr\u00e9 tu estilo perfecto por tan solo Gs.189.000","breadcrumb":{"@id":"https:\/\/jeans.com.py\/tienda\/producto\/chalecos-para-hombres-gs-149-000\/#breadcrumb"},"inLanguage":"es-AR","potentialAction":[{"@type":"ReadAction","target":["https:\/\/jeans.com.py\/tienda\/producto\/chalecos-para-hombres-gs-149-000\/"]}]},{"@type":"ImageObject","inLanguage":"es-AR","@id":"https:\/\/jeans.com.py\/tienda\/producto\/chalecos-para-hombres-gs-149-000\/#primaryimage","url":"https:\/\/jeans.com.py\/tienda\/wp-content\/uploads\/2024\/05\/ChatGPT-Image-10-jul-2025-15_52_07-e1752174550313.png","contentUrl":"https:\/\/jeans.com.py\/tienda\/wp-content\/uploads\/2024\/05\/ChatGPT-Image-10-jul-2025-15_52_07-e1752174550313.png","width":1024,"height":1334,"caption":"chaleco para invierno, para caballeros"},{"@type":"BreadcrumbList","@id":"https:\/\/jeans.com.py\/tienda\/producto\/chalecos-para-hombres-gs-149-000\/#breadcrumb","itemListElement":[{"@type":"ListItem","position":1,"name":"Inicio","item":"https:\/\/jeans.com.py\/tienda\/"},{"@type":"ListItem","position":2,"name":"Tienda","item":"https:\/\/jeans.com.py\/tienda\/tienda\/"},{"@type":"ListItem","position":3,"name":"Chalecos para damas y caballeros Gs.189.000. \u00a1Env\u00edo gratis para Asunci\u00f3n!"}]},{"@type":"WebSite","@id":"https:\/\/jeans.com.py\/tienda\/#website","url":"https:\/\/jeans.com.py\/tienda\/","name":"Jeans.com.py Outlet online en Paraguay","description":"Outlet de jeans online en Paraguay","publisher":{"@id":"https:\/\/jeans.com.py\/tienda\/#organization"},"potentialAction":[{"@type":"SearchAction","target":{"@type":"EntryPoint","urlTemplate":"https:\/\/jeans.com.py\/tienda\/?s={search_term_string}"},"query-input":{"@type":"PropertyValueSpecification","valueRequired":true,"valueName":"search_term_string"}}],"inLanguage":"es-AR"},{"@type":"Organization","@id":"https:\/\/jeans.com.py\/tienda\/#organization","name":"Jeans.com.py Outlet online en Paraguay","url":"https:\/\/jeans.com.py\/tienda\/","logo":{"@type":"ImageObject","inLanguage":"es-AR","@id":"https:\/\/jeans.com.py\/tienda\/#\/schema\/logo\/image\/","url":"https:\/\/jeans.com.py\/tienda\/wp-content\/uploads\/2022\/10\/jeans-e1667927625870.png","contentUrl":"https:\/\/jeans.com.py\/tienda\/wp-content\/uploads\/2022\/10\/jeans-e1667927625870.png","width":680,"height":246,"caption":"Jeans.com.py Outlet online en Paraguay"},"image":{"@id":"https:\/\/jeans.com.py\/tienda\/#\/schema\/logo\/image\/"},"sameAs":["https:\/\/www.facebook.com\/jeans.com.py","https:\/\/www.instagram.com\/jeans.com.py\/"]}]}},"_links":{"self":[{"href":"https:\/\/jeans.com.py\/tienda\/wp-json\/wp\/v2\/product\/5218","targetHints":{"allow":["GET"]}}],"collection":[{"href":"https:\/\/jeans.com.py\/tienda\/wp-json\/wp\/v2\/product"}],"about":[{"href":"https:\/\/jeans.com.py\/tienda\/wp-json\/wp\/v2\/types\/product"}],"replies":[{"embeddable":true,"href":"https:\/\/jeans.com.py\/tienda\/wp-json\/wp\/v2\/comments?post=5218"}],"version-history":[{"count":7,"href":"https:\/\/jeans.com.py\/tienda\/wp-json\/wp\/v2\/product\/5218\/revisions"}],"predecessor-version":[{"id":5698,"href":"https:\/\/jeans.com.py\/tienda\/wp-json\/wp\/v2\/product\/5218\/revisions\/5698"}],"wp:featuredmedia":[{"embeddable":true,"href":"https:\/\/jeans.com.py\/tienda\/wp-json\/wp\/v2\/media\/5716"}],"wp:attachment":[{"href":"https:\/\/jeans.com.py\/tienda\/wp-json\/wp\/v2\/media?parent=5218"}],"wp:term":[{"taxonomy":"product_brand","embeddable":true,"href":"https:\/\/jeans.com.py\/tienda\/wp-json\/wp\/v2\/product_brand?post=5218"},{"taxonomy":"product_cat","embeddable":true,"href":"https:\/\/jeans.com.py\/tienda\/wp-json\/wp\/v2\/product_cat?post=5218"},{"taxonomy":"product_tag","embeddable":true,"href":"https:\/\/jeans.com.py\/tienda\/wp-json\/wp\/v2\/product_tag?post=5218"}],"curies":[{"name":"wp","href":"https:\/\/api.w.org\/{rel}","templated":true}]}}