{"id":6004,"date":"2026-04-23T14:49:46","date_gmt":"2026-04-23T14:49:46","guid":{"rendered":"https:\/\/jeans.com.py\/tienda\/?post_type=product&#038;p=6004"},"modified":"2026-04-23T14:49:46","modified_gmt":"2026-04-23T14:49:46","slug":"combo-1-campera-1-pantalon-pizarro-por-199-000g","status":"publish","type":"product","link":"https:\/\/jeans.com.py\/tienda\/producto\/combo-1-campera-1-pantalon-pizarro-por-199-000g\/","title":{"rendered":"Combo: 1 Campera + 1 Pantal\u00f3n Pizarro &#8211; por 199.000G$"},"content":{"rendered":"<h2 data-path-to-node=\"3\">Combo Pizarro: 1 Campera + 1 Pantal\u00f3n &#8211; Estilo y Calidad en un Solo Click<\/h2>\n<p data-path-to-node=\"4\">\u00a1Renov\u00e1 tu outfit con la mejor relaci\u00f3n calidad-precio de Paraguay! En <b data-path-to-node=\"4\" data-index-in-node=\"71\">Jeans Pizarro<\/b>, entendemos que busc\u00e1s prendas duraderas, con calce perfecto y un estilo que se adapte a tu ritmo diario. Por eso, te presentamos nuestro <b data-path-to-node=\"4\" data-index-in-node=\"223\">Combo Promocional<\/b>: llevate una campera de temporada y un pantal\u00f3n de calce premium por un precio incre\u00edble.<\/p>\n<h3 data-path-to-node=\"5\">\u00bfQu\u00e9 incluye esta promoci\u00f3n?<\/h3>\n<p data-path-to-node=\"6\">Este pack est\u00e1 dise\u00f1ado para quienes no quieren sacrificar comodidad por estilo.<\/p>\n<ul data-path-to-node=\"7\">\n<li>\n<p data-path-to-node=\"7,0,0\"><b data-path-to-node=\"7,0,0\" data-index-in-node=\"0\">1 Campera de Jean\/Gabardina:<\/b> Confeccionada con tejidos resistentes y costuras reforzadas. Ideal para media estaci\u00f3n o para combinar con capas en invierno.<\/p>\n<\/li>\n<li>\n<p data-path-to-node=\"7,1,0\"><b data-path-to-node=\"7,1,0\" data-index-in-node=\"0\">1 Pantal\u00f3n Pizarro:<\/b> Nuestros famosos jeans conocidos por su durabilidad y su capacidad para moldear la figura.<\/p>\n<\/li>\n<\/ul>\n<h3 data-path-to-node=\"8\">Gu\u00eda de Talles y Calce<\/h3>\n<p data-path-to-node=\"9\">Sabemos que comprar ropa online genera dudas sobre el tama\u00f1o. Por eso, en <a href=\"https:\/\/www.jeans.com.py\/tienda\"><b data-path-to-node=\"9\" data-index-in-node=\"74\">www.jeans.com.py\/tienda<\/b><\/a> facilitamos tu elecci\u00f3n:<\/p>\n<ul data-path-to-node=\"10\">\n<li>\n<p data-path-to-node=\"10,0,0\"><b data-path-to-node=\"10,0,0\" data-index-in-node=\"0\">Talles disponibles:<\/b> Trabajamos desde el <b data-path-to-node=\"10,0,0\" data-index-in-node=\"40\">talle 36 hasta el 46<\/b>.<\/p>\n<\/li>\n<li>\n<p data-path-to-node=\"10,1,0\"><b data-path-to-node=\"10,1,0\" data-index-in-node=\"0\">Consejo de calce:<\/b> Los pantalones Pizarro suelen tener un calce fiel al talle est\u00e1ndar paraguayo. Si prefer\u00eds un estilo m\u00e1s relajado o &#8220;oversize&#8221;, te recomendamos optar por un n\u00famero m\u00e1s.<\/p>\n<\/li>\n<\/ul>\n<h3 data-path-to-node=\"11\">Pol\u00edtica de Cambios (\u00a1Importante!)<\/h3>\n<p data-path-to-node=\"12\">Para mantener nuestros costos bajos y ofrecerte este precio de <b data-path-to-node=\"12\" data-index-in-node=\"63\">199.000 Gs<\/b>, aplicamos la siguiente pol\u00edtica:<\/p>\n<ol start=\"1\" data-path-to-node=\"13\">\n<li>\n<p data-path-to-node=\"13,0,0\"><b data-path-to-node=\"13,0,0\" data-index-in-node=\"0\">Pantalones:<\/b> Cuentan con cambio de talle sujeto a disponibilidad de stock en tienda.<\/p>\n<\/li>\n<li>\n<p data-path-to-node=\"13,1,0\"><b data-path-to-node=\"13,1,0\" data-index-in-node=\"0\">Camperas:<\/b> Al ser una promoci\u00f3n especial de liquidaci\u00f3n, <b data-path-to-node=\"13,1,0\" data-index-in-node=\"56\">las camperas no tienen cambio de talle<\/b>. Te sugerimos revisar bien las medidas antes de finalizar tu compra.<\/p>\n<\/li>\n<\/ol>\n<h3 data-path-to-node=\"14\">C\u00f3mo comprar en Jeans.com.py<\/h3>\n<p data-path-to-node=\"15\">Comprar es s\u00faper sencillo y seguro:<\/p>\n<ol start=\"1\" data-path-to-node=\"16\">\n<li>\n<p data-path-to-node=\"16,0,0\"><b data-path-to-node=\"16,0,0\" data-index-in-node=\"0\">Seleccion\u00e1 tus prendas:<\/b> Eleg\u00ed el color de tu preferencia y a\u00f1ad\u00ed el combo al carrito.<\/p>\n<\/li>\n<li>\n<p data-path-to-node=\"16,1,0\"><b data-path-to-node=\"16,1,0\" data-index-in-node=\"0\">Carga tus datos:<\/b> Complet\u00e1 tu direcci\u00f3n para el env\u00edo o seleccion\u00e1 retiro en local.<\/p>\n<\/li>\n<li>\n<p data-path-to-node=\"16,2,0\"><b data-path-to-node=\"16,2,0\" data-index-in-node=\"0\">M\u00e9todos de Pago:<\/b> Aceptamos transferencias, efectivo y pagos v\u00eda QR.<\/p>\n<\/li>\n<li>\n<p data-path-to-node=\"16,3,0\"><b data-path-to-node=\"16,3,0\" data-index-in-node=\"0\">Recib\u00ed tu pedido:<\/b> Realizamos env\u00edos r\u00e1pidos a todo el pa\u00eds para que no tengas que esperar.<\/p>\n<\/li>\n<\/ol>\n<h3 data-path-to-node=\"17\">\u00bfPor qu\u00e9 elegir Pizarro?<\/h3>\n<p data-path-to-node=\"18\">Somos una marca local que entiende el cuerpo y los gustos de nuestra gente. Comprando en nuestra tienda oficial, garantiz\u00e1s que est\u00e1s adquiriendo un producto <b data-path-to-node=\"18\" data-index-in-node=\"158\">original Pizarro<\/b>, con la garant\u00eda de calidad que nos caracteriza.<\/p>\n<p data-path-to-node=\"19\"><b data-path-to-node=\"19\" data-index-in-node=\"0\">\u00a1Aprovech\u00e1 hoy! Esta es una promoci\u00f3n por tiempo limitado hasta agotar stock.<\/b><\/p>\n","protected":false},"excerpt":{"rendered":"<p>Combo Pizarro: 1 Campera + 1 Pantal\u00f3n &#8211; Estilo y Calidad en un Solo Click \u00a1Renov\u00e1 tu outfit con la mejor relaci\u00f3n calidad-precio de Paraguay! En Jeans Pizarro, entendemos que busc\u00e1s prendas duraderas, con calce perfecto y un estilo que se adapte a tu ritmo diario. Por eso, te presentamos nuestro Combo Promocional: llevate una [&hellip;]<\/p>\n","protected":false},"featured_media":6005,"comment_status":"open","ping_status":"closed","template":"","meta":{"site-sidebar-layout":"default","site-content-layout":"","ast-site-content-layout":"default","site-content-style":"default","site-sidebar-style":"default","ast-global-header-display":"","ast-banner-title-visibility":"","ast-main-header-display":"","ast-hfb-above-header-display":"","ast-hfb-below-header-display":"","ast-hfb-mobile-header-display":"","site-post-title":"","ast-breadcrumbs-content":"","ast-featured-img":"","footer-sml-layout":"","theme-transparent-header-meta":"default","adv-header-id-meta":"","stick-header-meta":"","header-above-stick-meta":"","header-main-stick-meta":"","header-below-stick-meta":"","astra-migrate-meta-layouts":"set","ast-page-background-enabled":"default","ast-page-background-meta":{"desktop":{"background-color":"","background-image":"","background-repeat":"repeat","background-position":"center center","background-size":"auto","background-attachment":"scroll","background-type":"","background-media":"","overlay-type":"","overlay-color":"","overlay-opacity":"","overlay-gradient":""},"tablet":{"background-color":"","background-image":"","background-repeat":"repeat","background-position":"center center","background-size":"auto","background-attachment":"scroll","background-type":"","background-media":"","overlay-type":"","overlay-color":"","overlay-opacity":"","overlay-gradient":""},"mobile":{"background-color":"","background-image":"","background-repeat":"repeat","background-position":"center center","background-size":"auto","background-attachment":"scroll","background-type":"","background-media":"","overlay-type":"","overlay-color":"","overlay-opacity":"","overlay-gradient":""}},"ast-content-background-meta":{"desktop":{"background-color":"var(--ast-global-color-5)","background-image":"","background-repeat":"repeat","background-position":"center center","background-size":"auto","background-attachment":"scroll","background-type":"","background-media":"","overlay-type":"","overlay-color":"","overlay-opacity":"","overlay-gradient":""},"tablet":{"background-color":"var(--ast-global-color-5)","background-image":"","background-repeat":"repeat","background-position":"center center","background-size":"auto","background-attachment":"scroll","background-type":"","background-media":"","overlay-type":"","overlay-color":"","overlay-opacity":"","overlay-gradient":""},"mobile":{"background-color":"var(--ast-global-color-5)","background-image":"","background-repeat":"repeat","background-position":"center center","background-size":"auto","background-attachment":"scroll","background-type":"","background-media":"","overlay-type":"","overlay-color":"","overlay-opacity":"","overlay-gradient":""}}},"product_brand":[],"product_cat":[29],"product_tag":[],"class_list":{"0":"post-6004","1":"product","2":"type-product","3":"status-publish","4":"has-post-thumbnail","6":"product_cat-sin-categorizar","7":"product_shipping_class-delivery","8":"desktop-align-left","9":"tablet-align-left","10":"mobile-align-left","12":"first","13":"instock","14":"shipping-taxable","15":"purchasable","16":"product-type-simple"},"yoast_head":"<!-- This site is optimized with the Yoast SEO plugin v27.0 - https:\/\/yoast.com\/product\/yoast-seo-wordpress\/ -->\n<title>Combo: 1 Campera + 1 Pantal\u00f3n Pizarro - por 199.000G$ - Jeans.com.py<\/title>\n<meta name=\"description\" content=\"Combo Pizarro: 1 Campera + 1 Pantal\u00f3n - Estilo y Calidad en un Solo Click\" \/>\n<meta name=\"robots\" content=\"index, follow, max-snippet:-1, max-image-preview:large, max-video-preview:-1\" \/>\n<link rel=\"canonical\" href=\"https:\/\/jeans.com.py\/tienda\/producto\/combo-1-campera-1-pantalon-pizarro-por-199-000g\/\" \/>\n<meta property=\"og:locale\" content=\"es_ES\" \/>\n<meta property=\"og:type\" content=\"article\" \/>\n<meta property=\"og:title\" content=\"Combo: 1 Campera + 1 Pantal\u00f3n Pizarro - por 199.000G$ - Jeans.com.py\" \/>\n<meta property=\"og:description\" content=\"Combo Pizarro: 1 Campera + 1 Pantal\u00f3n - Estilo y Calidad en un Solo Click\" \/>\n<meta property=\"og:url\" content=\"https:\/\/jeans.com.py\/tienda\/producto\/combo-1-campera-1-pantalon-pizarro-por-199-000g\/\" \/>\n<meta property=\"og:site_name\" content=\"Jeans.com.py\" \/>\n<meta property=\"article:publisher\" content=\"https:\/\/www.facebook.com\/jeans.com.py\" \/>\n<meta property=\"og:image\" content=\"https:\/\/jeans.com.py\/tienda\/wp-content\/uploads\/2026\/04\/campera-para-dama-mas-pantalon-combo-de-ropa.png\" \/>\n\t<meta property=\"og:image:width\" content=\"720\" \/>\n\t<meta property=\"og:image:height\" content=\"1080\" \/>\n\t<meta property=\"og:image:type\" content=\"image\/png\" \/>\n<meta name=\"twitter:card\" content=\"summary_large_image\" \/>\n<meta name=\"twitter:label1\" content=\"Tiempo de lectura\" \/>\n\t<meta name=\"twitter:data1\" content=\"2 minutos\" \/>\n<script type=\"application\/ld+json\" class=\"yoast-schema-graph\">{\"@context\":\"https:\/\/schema.org\",\"@graph\":[{\"@type\":\"WebPage\",\"@id\":\"https:\/\/jeans.com.py\/tienda\/producto\/combo-1-campera-1-pantalon-pizarro-por-199-000g\/\",\"url\":\"https:\/\/jeans.com.py\/tienda\/producto\/combo-1-campera-1-pantalon-pizarro-por-199-000g\/\",\"name\":\"Combo: 1 Campera + 1 Pantal\u00f3n Pizarro - por 199.000G$ - Jeans.com.py\",\"isPartOf\":{\"@id\":\"https:\/\/jeans.com.py\/tienda\/#website\"},\"primaryImageOfPage\":{\"@id\":\"https:\/\/jeans.com.py\/tienda\/producto\/combo-1-campera-1-pantalon-pizarro-por-199-000g\/#primaryimage\"},\"image\":{\"@id\":\"https:\/\/jeans.com.py\/tienda\/producto\/combo-1-campera-1-pantalon-pizarro-por-199-000g\/#primaryimage\"},\"thumbnailUrl\":\"https:\/\/jeans.com.py\/tienda\/wp-content\/uploads\/2026\/04\/campera-para-dama-mas-pantalon-combo-de-ropa.png\",\"datePublished\":\"2026-04-23T14:49:46+00:00\",\"description\":\"Combo Pizarro: 1 Campera + 1 Pantal\u00f3n - Estilo y Calidad en un Solo Click\",\"breadcrumb\":{\"@id\":\"https:\/\/jeans.com.py\/tienda\/producto\/combo-1-campera-1-pantalon-pizarro-por-199-000g\/#breadcrumb\"},\"inLanguage\":\"es-AR\",\"potentialAction\":[{\"@type\":\"ReadAction\",\"target\":[\"https:\/\/jeans.com.py\/tienda\/producto\/combo-1-campera-1-pantalon-pizarro-por-199-000g\/\"]}]},{\"@type\":\"ImageObject\",\"inLanguage\":\"es-AR\",\"@id\":\"https:\/\/jeans.com.py\/tienda\/producto\/combo-1-campera-1-pantalon-pizarro-por-199-000g\/#primaryimage\",\"url\":\"https:\/\/jeans.com.py\/tienda\/wp-content\/uploads\/2026\/04\/campera-para-dama-mas-pantalon-combo-de-ropa.png\",\"contentUrl\":\"https:\/\/jeans.com.py\/tienda\/wp-content\/uploads\/2026\/04\/campera-para-dama-mas-pantalon-combo-de-ropa.png\",\"width\":720,\"height\":1080,\"caption\":\"campera para dama mas pantalon de jeans\"},{\"@type\":\"BreadcrumbList\",\"@id\":\"https:\/\/jeans.com.py\/tienda\/producto\/combo-1-campera-1-pantalon-pizarro-por-199-000g\/#breadcrumb\",\"itemListElement\":[{\"@type\":\"ListItem\",\"position\":1,\"name\":\"Inicio\",\"item\":\"https:\/\/jeans.com.py\/tienda\/\"},{\"@type\":\"ListItem\",\"position\":2,\"name\":\"Tienda\",\"item\":\"https:\/\/jeans.com.py\/tienda\/tienda\/\"},{\"@type\":\"ListItem\",\"position\":3,\"name\":\"Combo: 1 Campera + 1 Pantal\u00f3n Pizarro &#8211; por 199.000G$\"}]},{\"@type\":\"WebSite\",\"@id\":\"https:\/\/jeans.com.py\/tienda\/#website\",\"url\":\"https:\/\/jeans.com.py\/tienda\/\",\"name\":\"Jeans.com.py Outlet online en Paraguay\",\"description\":\"Outlet de jeans online en Paraguay\",\"publisher\":{\"@id\":\"https:\/\/jeans.com.py\/tienda\/#organization\"},\"potentialAction\":[{\"@type\":\"SearchAction\",\"target\":{\"@type\":\"EntryPoint\",\"urlTemplate\":\"https:\/\/jeans.com.py\/tienda\/?s={search_term_string}\"},\"query-input\":{\"@type\":\"PropertyValueSpecification\",\"valueRequired\":true,\"valueName\":\"search_term_string\"}}],\"inLanguage\":\"es-AR\"},{\"@type\":\"Organization\",\"@id\":\"https:\/\/jeans.com.py\/tienda\/#organization\",\"name\":\"Jeans.com.py Outlet online en Paraguay\",\"url\":\"https:\/\/jeans.com.py\/tienda\/\",\"logo\":{\"@type\":\"ImageObject\",\"inLanguage\":\"es-AR\",\"@id\":\"https:\/\/jeans.com.py\/tienda\/#\/schema\/logo\/image\/\",\"url\":\"https:\/\/jeans.com.py\/tienda\/wp-content\/uploads\/2022\/10\/jeans-e1667927625870.png\",\"contentUrl\":\"https:\/\/jeans.com.py\/tienda\/wp-content\/uploads\/2022\/10\/jeans-e1667927625870.png\",\"width\":680,\"height\":246,\"caption\":\"Jeans.com.py Outlet online en Paraguay\"},\"image\":{\"@id\":\"https:\/\/jeans.com.py\/tienda\/#\/schema\/logo\/image\/\"},\"sameAs\":[\"https:\/\/www.facebook.com\/jeans.com.py\",\"https:\/\/www.instagram.com\/jeans.com.py\/\"]}]}<\/script>\n<!-- \/ Yoast SEO plugin. -->","yoast_head_json":{"title":"Combo: 1 Campera + 1 Pantal\u00f3n Pizarro - por 199.000G$ - Jeans.com.py","description":"Combo Pizarro: 1 Campera + 1 Pantal\u00f3n - Estilo y Calidad en un Solo Click","robots":{"index":"index","follow":"follow","max-snippet":"max-snippet:-1","max-image-preview":"max-image-preview:large","max-video-preview":"max-video-preview:-1"},"canonical":"https:\/\/jeans.com.py\/tienda\/producto\/combo-1-campera-1-pantalon-pizarro-por-199-000g\/","og_locale":"es_ES","og_type":"article","og_title":"Combo: 1 Campera + 1 Pantal\u00f3n Pizarro - por 199.000G$ - Jeans.com.py","og_description":"Combo Pizarro: 1 Campera + 1 Pantal\u00f3n - Estilo y Calidad en un Solo Click","og_url":"https:\/\/jeans.com.py\/tienda\/producto\/combo-1-campera-1-pantalon-pizarro-por-199-000g\/","og_site_name":"Jeans.com.py","article_publisher":"https:\/\/www.facebook.com\/jeans.com.py","og_image":[{"width":720,"height":1080,"url":"https:\/\/jeans.com.py\/tienda\/wp-content\/uploads\/2026\/04\/campera-para-dama-mas-pantalon-combo-de-ropa.png","type":"image\/png"}],"twitter_card":"summary_large_image","twitter_misc":{"Tiempo de lectura":"2 minutos"},"schema":{"@context":"https:\/\/schema.org","@graph":[{"@type":"WebPage","@id":"https:\/\/jeans.com.py\/tienda\/producto\/combo-1-campera-1-pantalon-pizarro-por-199-000g\/","url":"https:\/\/jeans.com.py\/tienda\/producto\/combo-1-campera-1-pantalon-pizarro-por-199-000g\/","name":"Combo: 1 Campera + 1 Pantal\u00f3n Pizarro - por 199.000G$ - Jeans.com.py","isPartOf":{"@id":"https:\/\/jeans.com.py\/tienda\/#website"},"primaryImageOfPage":{"@id":"https:\/\/jeans.com.py\/tienda\/producto\/combo-1-campera-1-pantalon-pizarro-por-199-000g\/#primaryimage"},"image":{"@id":"https:\/\/jeans.com.py\/tienda\/producto\/combo-1-campera-1-pantalon-pizarro-por-199-000g\/#primaryimage"},"thumbnailUrl":"https:\/\/jeans.com.py\/tienda\/wp-content\/uploads\/2026\/04\/campera-para-dama-mas-pantalon-combo-de-ropa.png","datePublished":"2026-04-23T14:49:46+00:00","description":"Combo Pizarro: 1 Campera + 1 Pantal\u00f3n - Estilo y Calidad en un Solo Click","breadcrumb":{"@id":"https:\/\/jeans.com.py\/tienda\/producto\/combo-1-campera-1-pantalon-pizarro-por-199-000g\/#breadcrumb"},"inLanguage":"es-AR","potentialAction":[{"@type":"ReadAction","target":["https:\/\/jeans.com.py\/tienda\/producto\/combo-1-campera-1-pantalon-pizarro-por-199-000g\/"]}]},{"@type":"ImageObject","inLanguage":"es-AR","@id":"https:\/\/jeans.com.py\/tienda\/producto\/combo-1-campera-1-pantalon-pizarro-por-199-000g\/#primaryimage","url":"https:\/\/jeans.com.py\/tienda\/wp-content\/uploads\/2026\/04\/campera-para-dama-mas-pantalon-combo-de-ropa.png","contentUrl":"https:\/\/jeans.com.py\/tienda\/wp-content\/uploads\/2026\/04\/campera-para-dama-mas-pantalon-combo-de-ropa.png","width":720,"height":1080,"caption":"campera para dama mas pantalon de jeans"},{"@type":"BreadcrumbList","@id":"https:\/\/jeans.com.py\/tienda\/producto\/combo-1-campera-1-pantalon-pizarro-por-199-000g\/#breadcrumb","itemListElement":[{"@type":"ListItem","position":1,"name":"Inicio","item":"https:\/\/jeans.com.py\/tienda\/"},{"@type":"ListItem","position":2,"name":"Tienda","item":"https:\/\/jeans.com.py\/tienda\/tienda\/"},{"@type":"ListItem","position":3,"name":"Combo: 1 Campera + 1 Pantal\u00f3n Pizarro &#8211; por 199.000G$"}]},{"@type":"WebSite","@id":"https:\/\/jeans.com.py\/tienda\/#website","url":"https:\/\/jeans.com.py\/tienda\/","name":"Jeans.com.py Outlet online en Paraguay","description":"Outlet de jeans online en Paraguay","publisher":{"@id":"https:\/\/jeans.com.py\/tienda\/#organization"},"potentialAction":[{"@type":"SearchAction","target":{"@type":"EntryPoint","urlTemplate":"https:\/\/jeans.com.py\/tienda\/?s={search_term_string}"},"query-input":{"@type":"PropertyValueSpecification","valueRequired":true,"valueName":"search_term_string"}}],"inLanguage":"es-AR"},{"@type":"Organization","@id":"https:\/\/jeans.com.py\/tienda\/#organization","name":"Jeans.com.py Outlet online en Paraguay","url":"https:\/\/jeans.com.py\/tienda\/","logo":{"@type":"ImageObject","inLanguage":"es-AR","@id":"https:\/\/jeans.com.py\/tienda\/#\/schema\/logo\/image\/","url":"https:\/\/jeans.com.py\/tienda\/wp-content\/uploads\/2022\/10\/jeans-e1667927625870.png","contentUrl":"https:\/\/jeans.com.py\/tienda\/wp-content\/uploads\/2022\/10\/jeans-e1667927625870.png","width":680,"height":246,"caption":"Jeans.com.py Outlet online en Paraguay"},"image":{"@id":"https:\/\/jeans.com.py\/tienda\/#\/schema\/logo\/image\/"},"sameAs":["https:\/\/www.facebook.com\/jeans.com.py","https:\/\/www.instagram.com\/jeans.com.py\/"]}]}},"_links":{"self":[{"href":"https:\/\/jeans.com.py\/tienda\/wp-json\/wp\/v2\/product\/6004","targetHints":{"allow":["GET"]}}],"collection":[{"href":"https:\/\/jeans.com.py\/tienda\/wp-json\/wp\/v2\/product"}],"about":[{"href":"https:\/\/jeans.com.py\/tienda\/wp-json\/wp\/v2\/types\/product"}],"replies":[{"embeddable":true,"href":"https:\/\/jeans.com.py\/tienda\/wp-json\/wp\/v2\/comments?post=6004"}],"version-history":[{"count":1,"href":"https:\/\/jeans.com.py\/tienda\/wp-json\/wp\/v2\/product\/6004\/revisions"}],"predecessor-version":[{"id":6008,"href":"https:\/\/jeans.com.py\/tienda\/wp-json\/wp\/v2\/product\/6004\/revisions\/6008"}],"wp:featuredmedia":[{"embeddable":true,"href":"https:\/\/jeans.com.py\/tienda\/wp-json\/wp\/v2\/media\/6005"}],"wp:attachment":[{"href":"https:\/\/jeans.com.py\/tienda\/wp-json\/wp\/v2\/media?parent=6004"}],"wp:term":[{"taxonomy":"product_brand","embeddable":true,"href":"https:\/\/jeans.com.py\/tienda\/wp-json\/wp\/v2\/product_brand?post=6004"},{"taxonomy":"product_cat","embeddable":true,"href":"https:\/\/jeans.com.py\/tienda\/wp-json\/wp\/v2\/product_cat?post=6004"},{"taxonomy":"product_tag","embeddable":true,"href":"https:\/\/jeans.com.py\/tienda\/wp-json\/wp\/v2\/product_tag?post=6004"}],"curies":[{"name":"wp","href":"https:\/\/api.w.org\/{rel}","templated":true}]}}